{"id":128,"date":"2015-09-18T17:20:04","date_gmt":"2015-09-18T17:20:04","guid":{"rendered":"http:\/\/oficinadelatentes.com\/latentamt\/?page_id=128"},"modified":"2018-07-14T22:46:27","modified_gmt":"2018-07-14T22:46:27","slug":"ueber-diesem-blog-und-seinem-author","status":"publish","type":"page","link":"http:\/\/oficinadelatentes.com\/latentamt\/ueber-diesem-blog-und-seinem-author\/","title":{"rendered":"\u00dcber diesen Blog und seinen Autor"},"content":{"rendered":"<p>Das ist einfach ein Blog, ein Web-log(-buch), im urspr\u00fcnglichen Sinn. In dies Blog kannst du viel finden, Erz\u00e4hlungen, Poesie und Gedanken, Anekdoten und \u00dcberblicke, Kino, Wissenschaft, Kunst&#8230;\u00a0 einfach Posts und alles was Posts enthalten k\u00f6nnen.<\/p>\n<p>Falls du mehr dar\u00fcber wissen willst, was ein Latentamt ist, kannst du diese drei Posts lesen:<\/p>\n<ol>\n<li>\n<h5><a href=\"http:\/\/oficinadelatentes.com\/latentamt\/2015\/09\/17\/latent-bei-der-kreativen-hitze\/\" target=\"_blank\" rel=\"noopener\">Latent bei der kreativen Hitze.<\/a><\/h5>\n<\/li>\n<li>\n<h5><a href=\"http:\/\/oficinadelatentes.com\/latentamt\/2015\/09\/18\/das-latent-und-das-was-klopft-die-spanische-ausnahme-oder-geschichte-eines-hauefigen-fehler\/\" target=\"_blank\" rel=\"noopener\">Das Latent und das, was klopft. Die spanische Ausnahme oder Geschichte eines ha\u00fcftigen Fehlers.<\/a><\/h5>\n<\/li>\n<li>\n<h5><a href=\"http:\/\/oficinadelatentes.com\/latentamt\/2015\/09\/19\/ein-latentamt\/\" target=\"_blank\" rel=\"noopener\">Latent und patent. Die deutsche Ausnahme oder das elegante Recht, \u00fcberhaupt nicht elegant zu sein<\/a><\/h5>\n<\/li>\n<\/ol>\n<p>Falls du mehr \u00fcber mich wissen m\u00f6chtest, schick mir bitte eine E-mail und ich werde bald antworten. Sicherlich ist aber die beste Art ein Blog und seinen Autor kennen zu lernen, einfach in seinem Inhalt zu planschen und sich frei zu f\u00fchlen, durch die Kommentare zu interagieren. Kommentare sind ein gro\u00dfer Bestandteil des Lebens eines Blogs. Sie he\u00f6ren euch. Z\u00f6gert nicht, sie zu nutzen und spielen.<\/p>\n<p>Aber vor allem lie\u00df diesen Blog langsam&#8230; \u00a0 und genie\u00dfe.<\/p>\n<p>Mit freundlichen Gr\u00fc\u00dfen,<br \/>\nJavier P\u00e9rez-Lazac<\/p>\n","protected":false},"excerpt":{"rendered":"<p>Das ist einfach ein Blog, ein Web-log(-buch), im urspr\u00fcnglichen Sinn. In dies Blog kannst du viel finden, Erz\u00e4hlungen, Poesie und <a class=\"more\" href=\"http:\/\/oficinadelatentes.com\/latentamt\/ueber-diesem-blog-und-seinem-author\/\">Continue reading <span class=\"meta-nav\">&rarr;<\/span><\/a><\/p>\n","protected":false},"author":1,"featured_media":134,"parent":0,"menu_order":0,"comment_status":"closed","ping_status":"closed","template":"","meta":{"jetpack_post_was_ever_published":false},"jetpack_sharing_enabled":true,"jetpack_shortlink":"https:\/\/wp.me\/P75ouB-24","_links":{"self":[{"href":"http:\/\/oficinadelatentes.com\/latentamt\/wp-json\/wp\/v2\/pages\/128"}],"collection":[{"href":"http:\/\/oficinadelatentes.com\/latentamt\/wp-json\/wp\/v2\/pages"}],"about":[{"href":"http:\/\/oficinadelatentes.com\/latentamt\/wp-json\/wp\/v2\/types\/page"}],"author":[{"embeddable":true,"href":"http:\/\/oficinadelatentes.com\/latentamt\/wp-json\/wp\/v2\/users\/1"}],"replies":[{"embeddable":true,"href":"http:\/\/oficinadelatentes.com\/latentamt\/wp-json\/wp\/v2\/comments?post=128"}],"version-history":[{"count":8,"href":"http:\/\/oficinadelatentes.com\/latentamt\/wp-json\/wp\/v2\/pages\/128\/revisions"}],"predecessor-version":[{"id":289,"href":"http:\/\/oficinadelatentes.com\/latentamt\/wp-json\/wp\/v2\/pages\/128\/revisions\/289"}],"wp:featuredmedia":[{"embeddable":true,"href":"http:\/\/oficinadelatentes.com\/latentamt\/wp-json\/wp\/v2\/media\/134"}],"wp:attachment":[{"href":"http:\/\/oficinadelatentes.com\/latentamt\/wp-json\/wp\/v2\/media?parent=128"}],"curies":[{"name":"wp","href":"https:\/\/api.w.org\/{rel}","templated":true}]}}